{"id":3840,"date":"2023-11-02T08:47:10","date_gmt":"2023-11-02T08:47:10","guid":{"rendered":"https:\/\/www.cantinaetrusca.it\/our-story\/"},"modified":"2024-04-18T14:58:48","modified_gmt":"2024-04-18T14:58:48","slug":"storia","status":"publish","type":"page","link":"https:\/\/www.cantinaetrusca.eu\/it\/storia\/","title":{"rendered":"Storia"},"content":{"rendered":"\t\t<div data-elementor-type=\"wp-page\" data-elementor-id=\"3840\" class=\"elementor elementor-3840 elementor-2232\">\n\t\t\t\t\t\t<section class=\"elementor-section elementor-top-section elementor-element elementor-element-d1e1f1d elementor-section-full_width bg-dark-1 arts-elementor-theme-light elementor-section-height-default elementor-section-height-default\" data-id=\"d1e1f1d\" data-element_type=\"section\" data-settings=\"{&quot;theme_section_color&quot;:&quot;bg-dark-1&quot;,&quot;theme_section_main_theme_text&quot;:&quot;arts-elementor-theme-light&quot;}\">\n\t\t\t\t\t\t<div class=\"elementor-container elementor-column-gap-no\">\n\t\t\t\t\t<div class=\"elementor-column elementor-col-100 elementor-top-column elementor-element elementor-element-b4dfc68\" data-id=\"b4dfc68\" data-element_type=\"column\">\n\t\t\t<div class=\"elementor-widget-wrap elementor-element-populated\">\n\t\t\t\t\t\t<div class=\"elementor-element elementor-element-a4fe38e elementor-widget elementor-widget-rhye-widget-portfolio-fullscreen-slider\" data-id=\"a4fe38e\" data-element_type=\"widget\" data-widget_type=\"rhye-widget-portfolio-fullscreen-slider.default\">\n\t\t\t\t<div class=\"elementor-widget-container\">\n\t\t\t\t\t\n\t\t\t\t\t\t\t\t<div class=\"section section-fullheight section-projects section-projects-slider overflow text-left\" data-arts-os-animation=\"true\">\n\t\t\t\t<div class=\"section-fullheight__inner section-fullheight__inner_mobile\">\n\t\t\t\t\t<div class=\"slider slider-fullscreen-projects js-slider-fullscreen-projects js-slider\">\n\t\t\t\t\t\t<!-- slider CONTENT -->\n\t\t\t\t\t\t<div class=\"slider-fullscreen-projects__content swiper swiper-container js-slider-fullscreen-projects__content pointer-events-none slider-fullscreen-projects__content_reduced-sides\">\n\t\t\t\t\t\t\t<div class=\"swiper-wrapper\">\n\t\t\t\t\t\t\t\t\t\t\t\t\t\t\t\t\t\t\t\t\t\t\t\t\t\t<div class=\"swiper-slide\">\n\t\t\t\t\t\t\t\t\t\t\t\t\t\t\t\t\t\t\t\t\t\t\t\t\t\t\t\t\t\t\t\t<h2  class=\"slider__heading h3 split-text js-split-text\" data-split-text-type=\"lines, words, chars\" data-split-text-set=\"chars\">Nel cuore della Toscana<\/h2 >\n\t\t\t\t\t\t\t\t\t\t\t\t\t\t\t\t\t\t\t\t\t\t\t<p  class=\"slider__text mt-1 paragraph split-text js-split-text\" data-split-text-type=\"lines\" data-split-text-set=\"lines\">Un bicchiere di vino racconta una storia millenaria ma sempre nuova.\n\u00c8 una storia di vita e amore. \u00c8 la storia di Etrusca, una delle migliori realt\u00e0 vinicola sulla costa Toscana. Passione, dedizione e spirito imprenditoriale.\nSiamo a Castellina Marittima, in Maremma, un luogo che affonda le proprie radici nella antica civilt\u00e0 Etrusca.<\/p >\n\t\t\t\t\t\t\t\t\t\t\t\t\t\t\t\t\t\t\t\t\t\t\t\t\t\t\t\t\t\t\t\t\t\t\t\t\t\t\t\t\t\t\t\t\t\t\t\t\t\t\t<\/div>\n\t\t\t\t\t\t\t\t\t\t\t\t\t\t\t\t\t\t\t\t\t\t\t\t\t\t<div class=\"swiper-slide\">\n\t\t\t\t\t\t\t\t\t\t\t\t\t\t\t\t\t\t\t\t\t\t\t\t\t\t\t\t\t\t\t\t<h2  class=\"slider__heading h3 split-text js-split-text\" data-split-text-type=\"lines, words, chars\" data-split-text-set=\"chars\">Una storia di mani e di vino<\/h2 >\n\t\t\t\t\t\t\t\t\t\t\t\t\t\t\t\t\t\t\t\t\t\t\t<p  class=\"slider__text mt-1 paragraph split-text js-split-text\" data-split-text-type=\"lines\" data-split-text-set=\"lines\">La Famiglia Orazzini si dedica al vino da tre generazioni, una passione tramandata di padre in figlio. L\u2019azienda \u00e8 la combinazione di scelte innovative, tradizione e territorio.\nLegati al passato con uno sguardo al futuro.<\/p >\n\t\t\t\t\t\t\t\t\t\t\t\t\t\t\t\t\t\t\t\t\t\t\t\t\t\t\t\t\t\t\t\t\t\t\t\t\t\t\t\t\t\t\t\t\t\t\t\t\t\t\t<\/div>\n\t\t\t\t\t\t\t\t\t\t\t\t\t\t\t<\/div>\n\t\t\t\t\t\t<\/div>\n\t\t\t\t\t\t<!-- - slider CONTENT -->\n\n\t\t\t\t\t\t<!-- slider IMAGES -->\n\t\t\t\t\t\t<div class=\"slider-fullscreen-projects__images swiper swiper-container js-slider-fullscreen-projects__images\" data-speed=\"1200\" data-direction=\"vertical\" data-transition-effect=\"parallax\" data-touch-ratio=\"1.5\" data-counter-style=\"arabic\" data-counter-add-zeros=\"0\" data-mousewheel-enabled=\"true\" data-keyboard-enabled=\"true\" data-prefetch-active-slide-transition=\"true\" data-aspect-ratio=\"1.5\">\n\t\t\t\t\t\t\t<div class=\"swiper-wrapper\">\n\t\t\t\t\t\t\t\t\t\t\t\t\t\t\t\t\t\t\t<div class=\"swiper-slide overflow d-flex-centered\">\n\t\t\t\t\t\t\t\t\t\t\t<div class=\"slider__images-slide-inner js-transition-img overflow\" data-swiper-parallax=\"91%\" data-swiper-parallax-zoom=\"91%\">\n\t\t\t\t\t\t\t\t\t\t\t\t\t\t\t\t\t\t\t\t\t\t\t\t\t\t<div class=\"slider__zoom-container w-100 h-100 overflow lazy-bg\" >\n\t\t\t\t\t\t\t\t\t\t\t\t\t\t\t\t\t\t\t\t\t\t<img fetchpriority=\"high\" decoding=\"async\" class=\"slider__bg js-transition-img__transformed-el swiper-lazy of-cover\" src=\"data:image\/png;base64,iVBORw0KGgoAAAANSUhEUgAAAAEAAAABCAQAAAHCGzyUAAAABGdBTUEAALGPC\/xhBQAAADhlWElmTU0AKgAAAAgAAYdpAAQAAAABAAAAGgAAAAAAAqACAAQAAAABAAAAAaADAAQAAAABAAAAAQAAAADa6r\/EAAAAC0lEQVQI12NolQQAASYAn89qhTcAAAAASUVORK5CYII=\" data-src=\"https:\/\/www.cantinaetrusca.eu\/wp-content\/uploads\/2023\/11\/005_Cantina-Etrusca_.jpg\" width=\"1920\" height=\"1280\"  data-srcset=\"https:\/\/www.cantinaetrusca.eu\/wp-content\/uploads\/2023\/11\/005_Cantina-Etrusca_.jpg 1920w, https:\/\/www.cantinaetrusca.eu\/wp-content\/uploads\/2023\/11\/005_Cantina-Etrusca_-300x200.jpg 300w, https:\/\/www.cantinaetrusca.eu\/wp-content\/uploads\/2023\/11\/005_Cantina-Etrusca_-1024x683.jpg 1024w, https:\/\/www.cantinaetrusca.eu\/wp-content\/uploads\/2023\/11\/005_Cantina-Etrusca_-768x512.jpg 768w, https:\/\/www.cantinaetrusca.eu\/wp-content\/uploads\/2023\/11\/005_Cantina-Etrusca_-1536x1024.jpg 1536w\"   data-sizes=\"(max-width: 1920px) 100vw, 1920px\"  alt=\"\" \/>\n\t\t\t\t\t\t\t\t\t\t\t\t\t\t\t\t\t\t\t\t\t\t\t\t\t<\/div>\n\t\t\t\t\t\t\t\t\t\t\t\t\t\t\t\t\t\t\t\t\t\t\t\t<\/div>\n\t\t\t\t\t\t\t\t\t\t<\/div>\n\t\t\t\t\t\t\t\t\t\t\t\t\t\t\t\t\t\t\t<div class=\"swiper-slide overflow d-flex-centered\">\n\t\t\t\t\t\t\t\t\t\t\t<div class=\"slider__images-slide-inner js-transition-img overflow\" data-swiper-parallax=\"91%\" data-swiper-parallax-zoom=\"91%\">\n\t\t\t\t\t\t\t\t\t\t\t\t\t\t\t\t\t\t\t\t\t\t\t\t\t\t<div class=\"slider__zoom-container w-100 h-100 overflow lazy-bg\" >\n\t\t\t\t\t\t\t\t\t\t\t\t\t\t\t\t\t\t\t\t\t\t<img decoding=\"async\" class=\"slider__bg js-transition-img__transformed-el swiper-lazy of-cover\" src=\"data:image\/png;base64,iVBORw0KGgoAAAANSUhEUgAAAAEAAAABCAQAAAHCGzyUAAAABGdBTUEAALGPC\/xhBQAAADhlWElmTU0AKgAAAAgAAYdpAAQAAAABAAAAGgAAAAAAAqACAAQAAAABAAAAAaADAAQAAAABAAAAAQAAAADa6r\/EAAAAC0lEQVQI12NolQQAASYAn89qhTcAAAAASUVORK5CYII=\" data-src=\"https:\/\/www.cantinaetrusca.eu\/wp-content\/uploads\/2023\/11\/001_Cantina-Etrusca_ritratti.jpg\" width=\"1920\" height=\"1280\"  data-srcset=\"https:\/\/www.cantinaetrusca.eu\/wp-content\/uploads\/2023\/11\/001_Cantina-Etrusca_ritratti.jpg 1920w, https:\/\/www.cantinaetrusca.eu\/wp-content\/uploads\/2023\/11\/001_Cantina-Etrusca_ritratti-300x200.jpg 300w, https:\/\/www.cantinaetrusca.eu\/wp-content\/uploads\/2023\/11\/001_Cantina-Etrusca_ritratti-1024x683.jpg 1024w, https:\/\/www.cantinaetrusca.eu\/wp-content\/uploads\/2023\/11\/001_Cantina-Etrusca_ritratti-768x512.jpg 768w, https:\/\/www.cantinaetrusca.eu\/wp-content\/uploads\/2023\/11\/001_Cantina-Etrusca_ritratti-1536x1024.jpg 1536w\"   data-sizes=\"(max-width: 1920px) 100vw, 1920px\"  alt=\"\" \/>\n\t\t\t\t\t\t\t\t\t\t\t\t\t\t\t\t\t\t\t\t\t\t\t\t\t<\/div>\n\t\t\t\t\t\t\t\t\t\t\t\t\t\t\t\t\t\t\t\t\t\t\t\t<\/div>\n\t\t\t\t\t\t\t\t\t\t<\/div>\n\t\t\t\t\t\t\t\t\t\t\t\t\t\t\t\t<\/div>\n\t\t\t\t\t\t<\/div>\n\t\t\t\t\t\t<!-- - slider IMAGES -->\n\n\t\t\t\t\t\t<!-- overlay -->\n\t\t\t\t\t\t<div class=\"slider__overlay slider__overlay_z-55 overlay\"><\/div>\n\t\t\t\t\t\t\t\t\t\t\t\t<!-- - overlay -->\n\n\t\t\t\t\t\t\t\t\t\t\t\t\n\t\t\t\t\t\t\t\t\t\t\t\t\t<!-- slider COUNTER -->\n\t\t\t\t\t\t\t<div class=\"slider__wrapper-counter slider-fullscreen-projects__counter slider-fullscreen-projects__counter_right\">\n\t\t\t\t\t\t\t\t<div class=\"slider__counter slider__counter_current\">\n\t\t\t\t\t\t\t\t\t<div class=\"js-slider-fullscreen-projects__counter-current swiper swiper-container\">\n\t\t\t\t\t\t\t\t\t\t<div class=\"swiper-wrapper\"><\/div>\n\t\t\t\t\t\t\t\t\t<\/div>\n\t\t\t\t\t\t\t\t<\/div>\n\t\t\t\t\t\t\t\t<div class=\"slider__counter-divider slider-fullscreen__counter-divider\"><\/div>\n\t\t\t\t\t\t\t\t<div class=\"slider__counter slider__counter_total js-slider-fullscreen-projects__counter-total\"><\/div>\n\t\t\t\t\t\t\t<\/div>\n\t\t\t\t\t\t\t<!-- - slider COUNTER -->\n\t\t\t\t\t\t\n\t\t\t\t\t\t\t\t\t\t\t\t\t\t\t\t\t\t\t\t\t<div class=\"slider__wrapper-arrows slider__wrapper-arrows_right\">\n\t\t\t\t\t\t\t\t\t<div class=\"slider__arrow js-slider__arrow-prev\">\n\t\t\t\t\t\t\t\t\t\t\t\t<div class=\"js-arrow arrow arrow-up\" data-arts-cursor=true data-arts-cursor-scale=0 data-arts-cursor-magnetic=true data-arts-cursor-hide-native=true>\n\t\t\t<svg class=\"svg-circle\" viewBox=\"0 0 60 60\" width=\"60\" height=\"60\" version=\"1.1\" xmlns=\"http:\/\/www.w3.org\/2000\/svg\" xmlns:xlink=\"http:\/\/www.w3.org\/1999\/xlink\">\n\t<circle class=\"circle\" cx=\"30\" cy=\"30\" r=\"29\" fill=\"none\"><\/circle>\n<\/svg>\n\t\t\t<div class=\"arrow__pointer arrow-up__pointer\"><\/div>\n\t\t\t<div class=\"arrow__triangle\"><\/div>\n\t\t<\/div>\n\t\t\t\t\t\t\t\t\t\t\t<\/div>\n\t\t\t\t\t\t\t\t\t<div class=\"slider__arrow js-slider__arrow-next\">\n\t\t\t\t\t\t\t\t\t\t\t\t<div class=\"js-arrow arrow arrow-down\" data-arts-cursor=true data-arts-cursor-scale=0 data-arts-cursor-magnetic=true data-arts-cursor-hide-native=true>\n\t\t\t<svg class=\"svg-circle\" viewBox=\"0 0 60 60\" width=\"60\" height=\"60\" version=\"1.1\" xmlns=\"http:\/\/www.w3.org\/2000\/svg\" xmlns:xlink=\"http:\/\/www.w3.org\/1999\/xlink\">\n\t<circle class=\"circle\" cx=\"30\" cy=\"30\" r=\"29\" fill=\"none\"><\/circle>\n<\/svg>\n\t\t\t<div class=\"arrow__pointer arrow-down__pointer\"><\/div>\n\t\t\t<div class=\"arrow__triangle\"><\/div>\n\t\t<\/div>\n\t\t\t\t\t\t\t\t\t\t\t<\/div>\n\t\t\t\t\t\t\t\t<\/div>\n\t\t\t\t\t\t\t\t\t\t\t\t\t\n\t\t\t\t\t\t\t\t\t\t\t<\/div>\n\t\t\t\t<\/div>\n\t\t\t<\/div>\n\t\t\n\t\t\t\t\t\t<\/div>\n\t\t\t\t<\/div>\n\t\t\t\t\t<\/div>\n\t\t<\/div>\n\t\t\t\t\t<\/div>\n\t\t<\/section>\n\t\t\t\t<\/div>\n\t\t","protected":false},"excerpt":{"rendered":"<p>Nel cuore della Toscana Un bicchiere di vino racconta una storia millenaria ma sempre nuova. \u00c8 una storia di vita e amore. \u00c8 la storia di Etrusca, una delle migliori realt\u00e0 vinicola sulla costa Toscana. Passione, dedizione e spirito imprenditoriale. Siamo a Castellina Marittima, in Maremma, un luogo che affonda le proprie radici nella antica [&hellip;]<\/p>\n","protected":false},"author":1,"featured_media":2649,"parent":0,"menu_order":0,"comment_status":"closed","ping_status":"closed","template":"elementor_header_footer","meta":{"_acf_changed":false,"footnotes":""},"class_list":["post-3840","page","type-page","status-publish","has-post-thumbnail","hentry"],"acf":[],"_links":{"self":[{"href":"https:\/\/www.cantinaetrusca.eu\/it\/wp-json\/wp\/v2\/pages\/3840","targetHints":{"allow":["GET"]}}],"collection":[{"href":"https:\/\/www.cantinaetrusca.eu\/it\/wp-json\/wp\/v2\/pages"}],"about":[{"href":"https:\/\/www.cantinaetrusca.eu\/it\/wp-json\/wp\/v2\/types\/page"}],"author":[{"embeddable":true,"href":"https:\/\/www.cantinaetrusca.eu\/it\/wp-json\/wp\/v2\/users\/1"}],"replies":[{"embeddable":true,"href":"https:\/\/www.cantinaetrusca.eu\/it\/wp-json\/wp\/v2\/comments?post=3840"}],"version-history":[{"count":8,"href":"https:\/\/www.cantinaetrusca.eu\/it\/wp-json\/wp\/v2\/pages\/3840\/revisions"}],"predecessor-version":[{"id":4139,"href":"https:\/\/www.cantinaetrusca.eu\/it\/wp-json\/wp\/v2\/pages\/3840\/revisions\/4139"}],"wp:featuredmedia":[{"embeddable":true,"href":"https:\/\/www.cantinaetrusca.eu\/it\/wp-json\/wp\/v2\/media\/2649"}],"wp:attachment":[{"href":"https:\/\/www.cantinaetrusca.eu\/it\/wp-json\/wp\/v2\/media?parent=3840"}],"curies":[{"name":"wp","href":"https:\/\/api.w.org\/{rel}","templated":true}]}}